{"id":5658,"date":"2021-11-10T00:13:26","date_gmt":"2021-11-10T00:13:26","guid":{"rendered":"https:\/\/bkmkg.com\/?page_id=5658"},"modified":"2024-07-19T15:41:28","modified_gmt":"2024-07-19T15:41:28","slug":"portfolio-photographie-par-miriam","status":"publish","type":"page","link":"https:\/\/bkmkg.com\/en\/portfolio-photographie-par-miriam\/","title":{"rendered":"Portfolio"},"content":{"rendered":"<section class=\"vc_row wpb_row vc_row-fluid bg-light not-equal not-color\"><div class=\"container\"><div class=\"row\"><div class=\"wpb_column vc_column_container vc_col-sm-12\"><div class=\"vc_column-inner\"><div class=\"wpb_wrapper\">\n\t<div class=\"wpb_text_column wpb_content_element\" >\n\t\t<div class=\"wpb_wrapper\">\n\t\t\t\n\t\t<\/div>\n\t<\/div>\n\n\t<div class=\"wpb_text_column wpb_content_element\" >\n\t\t<div class=\"wpb_wrapper\">\n\t\t\t<h2>Sites web transactionnels r\u00e9alis\u00e9s sur Shopify<\/h2>\n\n\t\t<\/div>\n\t<\/div>\n<\/div><\/div><\/div><\/div><\/div><\/section><section class=\"vc_row wpb_row vc_row-fluid bg-light not-equal not-color\"><div class=\"container\"><div class=\"row\"><div class=\"wpb_column vc_column_container vc_col-sm-6\"><div class=\"vc_column-inner\"><div class=\"wpb_wrapper\">\n\t<div  class=\"wpb_single_image wpb_content_element vc_align_left\">\n\t\t\n\t\t<figure class=\"wpb_wrapper vc_figure\">\n\t\t\t<div class=\"vc_single_image-wrapper   vc_box_border_grey\"><img width=\"1024\" height=\"1024\" src=\"https:\/\/bkmkg.com\/wp-content\/uploads\/2024\/07\/3-1024x1024.png\" class=\"vc_single_image-img attachment-large\" alt=\"\" loading=\"lazy\" srcset=\"https:\/\/bkmkg.com\/wp-content\/uploads\/2024\/07\/3-1024x1024.png 1024w, https:\/\/bkmkg.com\/wp-content\/uploads\/2024\/07\/3-300x300.png 300w, https:\/\/bkmkg.com\/wp-content\/uploads\/2024\/07\/3-150x150.png 150w, https:\/\/bkmkg.com\/wp-content\/uploads\/2024\/07\/3-768x768.png 768w, https:\/\/bkmkg.com\/wp-content\/uploads\/2024\/07\/3-12x12.png 12w, https:\/\/bkmkg.com\/wp-content\/uploads\/2024\/07\/3-60x60.png 60w, https:\/\/bkmkg.com\/wp-content\/uploads\/2024\/07\/3.png 1080w\" sizes=\"(max-width: 1024px) 100vw, 1024px\" \/><\/div>\n\t\t<\/figure>\n\t<\/div>\n<\/div><\/div><\/div><div class=\"wpb_column vc_column_container vc_col-sm-6\"><div class=\"vc_column-inner\"><div class=\"wpb_wrapper\">\n\t<div  class=\"wpb_single_image wpb_content_element vc_align_left\">\n\t\t\n\t\t<figure class=\"wpb_wrapper vc_figure\">\n\t\t\t<div class=\"vc_single_image-wrapper   vc_box_border_grey\"><img width=\"1024\" height=\"1024\" src=\"https:\/\/bkmkg.com\/wp-content\/uploads\/2024\/07\/1-1024x1024.png\" class=\"vc_single_image-img attachment-large\" alt=\"\" loading=\"lazy\" srcset=\"https:\/\/bkmkg.com\/wp-content\/uploads\/2024\/07\/1-1024x1024.png 1024w, https:\/\/bkmkg.com\/wp-content\/uploads\/2024\/07\/1-300x300.png 300w, https:\/\/bkmkg.com\/wp-content\/uploads\/2024\/07\/1-150x150.png 150w, https:\/\/bkmkg.com\/wp-content\/uploads\/2024\/07\/1-768x768.png 768w, https:\/\/bkmkg.com\/wp-content\/uploads\/2024\/07\/1-12x12.png 12w, https:\/\/bkmkg.com\/wp-content\/uploads\/2024\/07\/1-60x60.png 60w, https:\/\/bkmkg.com\/wp-content\/uploads\/2024\/07\/1.png 1080w\" sizes=\"(max-width: 1024px) 100vw, 1024px\" \/><\/div>\n\t\t<\/figure>\n\t<\/div>\n<\/div><\/div><\/div><\/div><\/div><\/section><section class=\"vc_row wpb_row vc_row-fluid bg-light not-equal not-color\"><div class=\"container\"><div class=\"row\"><div class=\"wpb_column vc_column_container vc_col-sm-3\"><div class=\"vc_column-inner\"><div class=\"wpb_wrapper\"><div class=\"image-captions\"><div class=\"image-caption hover-caption\"><div class=\"caption\"><h5  class=\"widgettitle mb0\"><\/h5><div  class=\"widgetsubtitle\"><\/div><\/div><\/div><\/div><\/div><\/div><\/div><\/div><\/div><\/section><section class=\"vc_row wpb_row vc_row-fluid bg-light not-equal not-color\"><div class=\"container\"><div class=\"row\"><div class=\"wpb_column vc_column_container vc_col-sm-12\"><div class=\"vc_column-inner\"><div class=\"wpb_wrapper\">\n\t<div class=\"wpb_text_column wpb_content_element\" >\n\t\t<div class=\"wpb_wrapper\">\n\t\t\t<p class=\"has-medium-font-size\">Cr\u00e9ation de contenu &#8211; r\u00e9alis\u00e9s pour divers clients.<\/p>\n<p><!-- \/wp:paragraph --><br \/>\n<!-- wp:columns --><\/p>\n<div class=\"wp-block-columns\"><!-- wp:column --><\/p>\n<div class=\"wp-block-column\"><!-- wp:image {\"id\":5667,\"sizeSlug\":\"large\",\"linkDestination\":\"none\"} --><\/p>\n<figure class=\"wp-block-image size-large\"><img loading=\"lazy\" class=\"alignleft wp-image-5667\" src=\"https:\/\/bkmkg.com\/wp-content\/uploads\/2021\/11\/20211108-7Q3A5417-819x1024.jpg\" alt=\"\" width=\"819\" height=\"1024\" srcset=\"https:\/\/bkmkg.com\/wp-content\/uploads\/2021\/11\/20211108-7Q3A5417-819x1024.jpg 819w, https:\/\/bkmkg.com\/wp-content\/uploads\/2021\/11\/20211108-7Q3A5417-240x300.jpg 240w, https:\/\/bkmkg.com\/wp-content\/uploads\/2021\/11\/20211108-7Q3A5417-768x960.jpg 768w, https:\/\/bkmkg.com\/wp-content\/uploads\/2021\/11\/20211108-7Q3A5417-1229x1536.jpg 1229w, https:\/\/bkmkg.com\/wp-content\/uploads\/2021\/11\/20211108-7Q3A5417-1638x2048.jpg 1638w, https:\/\/bkmkg.com\/wp-content\/uploads\/2021\/11\/20211108-7Q3A5417-10x12.jpg 10w, https:\/\/bkmkg.com\/wp-content\/uploads\/2021\/11\/20211108-7Q3A5417-scaled.jpg 2048w\" sizes=\"(max-width: 819px) 100vw, 819px\" \/><\/figure>\n<p><!-- \/wp:image --><br \/>\n<!-- wp:image {\"id\":5671,\"sizeSlug\":\"large\",\"linkDestination\":\"none\"} --><\/p>\n<figure class=\"wp-block-image size-large\"><img loading=\"lazy\" width=\"683\" height=\"1024\" class=\"wp-image-5671\" src=\"https:\/\/bkmkg.com\/wp-content\/uploads\/2021\/11\/MG_7100-1-683x1024.jpeg\" alt=\"\" srcset=\"https:\/\/bkmkg.com\/wp-content\/uploads\/2021\/11\/MG_7100-1-683x1024.jpeg 683w, https:\/\/bkmkg.com\/wp-content\/uploads\/2021\/11\/MG_7100-1-200x300.jpeg 200w, https:\/\/bkmkg.com\/wp-content\/uploads\/2021\/11\/MG_7100-1-768x1152.jpeg 768w, https:\/\/bkmkg.com\/wp-content\/uploads\/2021\/11\/MG_7100-1-1024x1536.jpeg 1024w, https:\/\/bkmkg.com\/wp-content\/uploads\/2021\/11\/MG_7100-1-1365x2048.jpeg 1365w, https:\/\/bkmkg.com\/wp-content\/uploads\/2021\/11\/MG_7100-1-8x12.jpeg 8w, https:\/\/bkmkg.com\/wp-content\/uploads\/2021\/11\/MG_7100-1-scaled.jpeg 1707w\" sizes=\"(max-width: 683px) 100vw, 683px\" \/><!-- \/wp:image --><!-- wp:image {\"id\":5674,\"sizeSlug\":\"full\",\"linkDestination\":\"none\"} --><\/figure>\n<figure class=\"wp-block-image size-full\"><img loading=\"lazy\" width=\"819\" height=\"1024\" class=\"wp-image-5674\" src=\"https:\/\/bkmkg.com\/wp-content\/uploads\/2021\/11\/20200729-_MG_8274-1.jpg\" alt=\"\" srcset=\"https:\/\/bkmkg.com\/wp-content\/uploads\/2021\/11\/20200729-_MG_8274-1.jpg 819w, https:\/\/bkmkg.com\/wp-content\/uploads\/2021\/11\/20200729-_MG_8274-1-240x300.jpg 240w, https:\/\/bkmkg.com\/wp-content\/uploads\/2021\/11\/20200729-_MG_8274-1-768x960.jpg 768w, https:\/\/bkmkg.com\/wp-content\/uploads\/2021\/11\/20200729-_MG_8274-1-10x12.jpg 10w\" sizes=\"(max-width: 819px) 100vw, 819px\" \/><\/figure>\n<p><!-- \/wp:image --><\/p>\n<\/div>\n<p><!-- \/wp:column --><br \/>\n<!-- wp:column --><\/p>\n<div class=\"wp-block-column\"><!-- wp:image {\"id\":5664,\"sizeSlug\":\"full\",\"linkDestination\":\"none\"} --><\/p>\n<figure class=\"wp-block-image size-full\"><img loading=\"lazy\" class=\"alignright wp-image-5664\" src=\"https:\/\/bkmkg.com\/wp-content\/uploads\/2021\/11\/20200729-_MG_8221.jpg\" alt=\"\" width=\"819\" height=\"1024\" srcset=\"https:\/\/bkmkg.com\/wp-content\/uploads\/2021\/11\/20200729-_MG_8221.jpg 819w, https:\/\/bkmkg.com\/wp-content\/uploads\/2021\/11\/20200729-_MG_8221-240x300.jpg 240w, https:\/\/bkmkg.com\/wp-content\/uploads\/2021\/11\/20200729-_MG_8221-768x960.jpg 768w, https:\/\/bkmkg.com\/wp-content\/uploads\/2021\/11\/20200729-_MG_8221-10x12.jpg 10w\" sizes=\"(max-width: 819px) 100vw, 819px\" \/><\/figure>\n<p><!-- \/wp:image --><br \/>\n<!-- wp:image {\"id\":5672,\"sizeSlug\":\"large\",\"linkDestination\":\"none\"} --><\/p>\n<figure class=\"wp-block-image size-large\"><img loading=\"lazy\" width=\"819\" height=\"1024\" class=\"wp-image-5672\" src=\"https:\/\/bkmkg.com\/wp-content\/uploads\/2021\/11\/MG_8635-1-819x1024.jpg\" alt=\"\" srcset=\"https:\/\/bkmkg.com\/wp-content\/uploads\/2021\/11\/MG_8635-1-819x1024.jpg 819w, https:\/\/bkmkg.com\/wp-content\/uploads\/2021\/11\/MG_8635-1-240x300.jpg 240w, https:\/\/bkmkg.com\/wp-content\/uploads\/2021\/11\/MG_8635-1-768x960.jpg 768w, https:\/\/bkmkg.com\/wp-content\/uploads\/2021\/11\/MG_8635-1-1229x1536.jpg 1229w, https:\/\/bkmkg.com\/wp-content\/uploads\/2021\/11\/MG_8635-1-1638x2048.jpg 1638w, https:\/\/bkmkg.com\/wp-content\/uploads\/2021\/11\/MG_8635-1-10x12.jpg 10w, https:\/\/bkmkg.com\/wp-content\/uploads\/2021\/11\/MG_8635-1-scaled.jpg 2048w\" sizes=\"(max-width: 819px) 100vw, 819px\" \/><!-- \/wp:image --><!-- wp:image {\"id\":5673,\"sizeSlug\":\"large\",\"linkDestination\":\"none\"} --><\/figure>\n<figure class=\"wp-block-image size-large\"><img loading=\"lazy\" width=\"819\" height=\"1024\" class=\"wp-image-5673\" src=\"https:\/\/bkmkg.com\/wp-content\/uploads\/2021\/11\/MG_7237-1-819x1024.jpg\" alt=\"\" srcset=\"https:\/\/bkmkg.com\/wp-content\/uploads\/2021\/11\/MG_7237-1-819x1024.jpg 819w, https:\/\/bkmkg.com\/wp-content\/uploads\/2021\/11\/MG_7237-1-240x300.jpg 240w, https:\/\/bkmkg.com\/wp-content\/uploads\/2021\/11\/MG_7237-1-768x960.jpg 768w, https:\/\/bkmkg.com\/wp-content\/uploads\/2021\/11\/MG_7237-1-1229x1536.jpg 1229w, https:\/\/bkmkg.com\/wp-content\/uploads\/2021\/11\/MG_7237-1-1638x2048.jpg 1638w, https:\/\/bkmkg.com\/wp-content\/uploads\/2021\/11\/MG_7237-1-10x12.jpg 10w, https:\/\/bkmkg.com\/wp-content\/uploads\/2021\/11\/MG_7237-1-scaled.jpg 2048w\" sizes=\"(max-width: 819px) 100vw, 819px\" \/><\/figure>\n<p><!-- \/wp:image --><br \/>\n<!-- wp:image --><\/p>\n<figure class=\"wp-block-image\"><img alt=\"\" \/><\/figure>\n<p><!-- \/wp:image --><\/p>\n<\/div>\n<p><!-- \/wp:column --><\/p>\n<\/div>\n<p><!-- \/wp:columns --><br \/>\n<!-- wp:columns --><\/p>\n<div class=\"wp-block-columns\"><!-- wp:column {\"width\":100} --><\/p>\n<div class=\"wp-block-column\" style=\"flex-basis: 100%;\"><\/div>\n<p><!-- \/wp:column --><\/p>\n<\/div>\n<p><!-- \/wp:columns --><\/p>\n\n\t\t<\/div>\n\t<\/div>\n<\/div><\/div><\/div><\/div><\/div><\/section>","protected":false},"excerpt":{"rendered":"Sites web transactionnels r\u00e9alis\u00e9s sur Shopify Cr\u00e9ation de contenu - r\u00e9alis\u00e9s pour divers clients.","protected":false},"author":1,"featured_media":0,"parent":0,"menu_order":0,"comment_status":"closed","ping_status":"closed","template":"","meta":[],"_links":{"self":[{"href":"https:\/\/bkmkg.com\/en\/wp-json\/wp\/v2\/pages\/5658"}],"collection":[{"href":"https:\/\/bkmkg.com\/en\/wp-json\/wp\/v2\/pages"}],"about":[{"href":"https:\/\/bkmkg.com\/en\/wp-json\/wp\/v2\/types\/page"}],"author":[{"embeddable":true,"href":"https:\/\/bkmkg.com\/en\/wp-json\/wp\/v2\/users\/1"}],"replies":[{"embeddable":true,"href":"https:\/\/bkmkg.com\/en\/wp-json\/wp\/v2\/comments?post=5658"}],"version-history":[{"count":9,"href":"https:\/\/bkmkg.com\/en\/wp-json\/wp\/v2\/pages\/5658\/revisions"}],"predecessor-version":[{"id":5693,"href":"https:\/\/bkmkg.com\/en\/wp-json\/wp\/v2\/pages\/5658\/revisions\/5693"}],"wp:attachment":[{"href":"https:\/\/bkmkg.com\/en\/wp-json\/wp\/v2\/media?parent=5658"}],"curies":[{"name":"wp","href":"https:\/\/api.w.org\/{rel}","templated":true}]}}