{"id":1961,"date":"2016-02-22T15:55:08","date_gmt":"2016-02-22T15:55:08","guid":{"rendered":"http:\/\/demo.themelogi.com\/wanium\/?page_id=1961"},"modified":"2020-02-12T16:45:06","modified_gmt":"2020-02-12T16:45:06","slug":"services","status":"publish","type":"page","link":"https:\/\/bkmkg.com\/en\/services\/","title":{"rendered":"Services"},"content":{"rendered":"<div class=\"vc_row wpb_row vc_row-fluid bg-light not-equal not-color\"><div class=\"\"><div class=\"row\"><div class=\"wpb_column vc_column_container vc_col-sm-12\"><div class=\"vc_column-inner\"><div class=\"wpb_wrapper\"><section  id=\"single-6a045b3b0a0b7\" \n\t\t\t\t\t\tclass=\"header-single vertical-flex m0 image-bg parallax pt240 pb240 pt-xs-80 pb-xs-80\" \n\t\t\t\t\t\tstyle=\"\"><div class=\"background-content\"><img width=\"1920\" height=\"1280\" src=\"https:\/\/bkmkg.com\/wp-content\/uploads\/2019\/03\/NeutralMinimalist4-1.jpg\" class=\"background-image\" alt=\"\" loading=\"lazy\" srcset=\"https:\/\/bkmkg.com\/wp-content\/uploads\/2019\/03\/NeutralMinimalist4-1.jpg 1920w, https:\/\/bkmkg.com\/wp-content\/uploads\/2019\/03\/NeutralMinimalist4-1-300x200.jpg 300w, https:\/\/bkmkg.com\/wp-content\/uploads\/2019\/03\/NeutralMinimalist4-1-768x512.jpg 768w, https:\/\/bkmkg.com\/wp-content\/uploads\/2019\/03\/NeutralMinimalist4-1-1024x683.jpg 1024w\" sizes=\"(max-width: 1920px) 100vw, 1920px\" \/><div style=\"opacity:0.85!important;\" class=\"background-overlay\"><\/div><\/div><div  class=\"container vertical-flex-column item-content\">\n\t\t\t            \t<div class=\"row\"><div class=\"standard-slide p0 col-lg-12 col-lg-offset-0 col-md-10 col-md-offset-1 col-sm-12 text-center\"><h1  class=\"heading-title-bold\">Our services are adapted to your reality.<\/h1><div  class=\"heading-content\"><\/div>\n                <\/div><\/div>\n\t\t\t            <\/div><\/section><\/div><\/div><\/div><\/div><\/div><\/div><div class=\"vc_row wpb_row vc_row-fluid bg-light not-equal not-color\"><div class=\"\"><div class=\"row\"><div class=\"wpb_column vc_column_container vc_col-sm-12\"><div class=\"vc_column-inner\"><div class=\"wpb_wrapper\"><section class=\"image-half p0\">\n\t\t\t\t\t\t    <div class=\"col-lg-6 p0\">\n\t\t\t\t\t\t    \t<div class=\"intro-image\"><img width=\"1920\" height=\"1162\" src=\"https:\/\/bkmkg.com\/wp-content\/uploads\/2019\/03\/rawpixel-550994-unsplash-1.jpg\" class=\"mb-xs-24\" alt=\"\" loading=\"lazy\" srcset=\"https:\/\/bkmkg.com\/wp-content\/uploads\/2019\/03\/rawpixel-550994-unsplash-1.jpg 1920w, https:\/\/bkmkg.com\/wp-content\/uploads\/2019\/03\/rawpixel-550994-unsplash-1-300x182.jpg 300w, https:\/\/bkmkg.com\/wp-content\/uploads\/2019\/03\/rawpixel-550994-unsplash-1-768x465.jpg 768w, https:\/\/bkmkg.com\/wp-content\/uploads\/2019\/03\/rawpixel-550994-unsplash-1-1024x620.jpg 1024w\" sizes=\"(max-width: 1920px) 100vw, 1920px\" \/>\n\t\t\t\t\t\t    \t<\/div>\n\t\t\t\t\t\t    <\/div>\n\t\t\t\t\t\t    <div class=\"container\">\n\t\t\t\t\t\t        <div class=\"col-lg-6 col-lg-offset-1 pl-l-80 vertical-alignment right\"><h5 class=\"widgettitle mb16\">MONITORING AND ANALYSIS<\/h5><div class=\"mt24\">Monitoring allows us to take a snapshot of your performance on the web and social media. It also allows us to assess industry best practices and identify opportunities.<\/div><\/div>\n\t\t\t\t\t\t    <\/div>\n\t\t\t\t\t\t<\/section><section class=\"image-half p0\">\n\t\t\t\t\t\t    <div class=\"col-lg-6 p0 col-lg-push-6\">\n\t\t\t\t\t\t    \t<div class=\"intro-image\"><img width=\"1920\" height=\"1160\" src=\"https:\/\/bkmkg.com\/wp-content\/uploads\/2019\/03\/tran-mau-tri-tam-66419-unsplash.jpg\" class=\"mb-xs-24\" alt=\"\" loading=\"lazy\" srcset=\"https:\/\/bkmkg.com\/wp-content\/uploads\/2019\/03\/tran-mau-tri-tam-66419-unsplash.jpg 1920w, https:\/\/bkmkg.com\/wp-content\/uploads\/2019\/03\/tran-mau-tri-tam-66419-unsplash-300x181.jpg 300w, https:\/\/bkmkg.com\/wp-content\/uploads\/2019\/03\/tran-mau-tri-tam-66419-unsplash-768x464.jpg 768w, https:\/\/bkmkg.com\/wp-content\/uploads\/2019\/03\/tran-mau-tri-tam-66419-unsplash-1024x619.jpg 1024w\" sizes=\"(max-width: 1920px) 100vw, 1920px\" \/>\n\t\t\t\t\t\t    \t<\/div>\n\t\t\t\t\t\t    <\/div>\n\t\t\t\t\t\t    <div class=\"container\">\n\t\t\t\t\t\t        <div class=\"col-lg-6 col-lg-pull-0 pr-l-80 vertical-alignment\"><h5 class=\"widgettitle mb16\">CONTENT STRATEGY<\/h5><div class=\"mt24\">The content strategy identifies the brand's online guideline.<\/div><\/div>\n\t\t\t\t\t\t    <\/div>\n\t\t\t\t\t\t<\/section><section class=\"image-half p0\">\n\t\t\t\t\t\t    <div class=\"col-lg-6 p0\">\n\t\t\t\t\t\t    \t<div class=\"intro-image\"><img width=\"1920\" height=\"1160\" src=\"https:\/\/bkmkg.com\/wp-content\/uploads\/2019\/03\/adil-ansari-48867-unsplash-1.jpg\" class=\"mb-xs-24\" alt=\"\" loading=\"lazy\" srcset=\"https:\/\/bkmkg.com\/wp-content\/uploads\/2019\/03\/adil-ansari-48867-unsplash-1.jpg 1920w, https:\/\/bkmkg.com\/wp-content\/uploads\/2019\/03\/adil-ansari-48867-unsplash-1-300x181.jpg 300w, https:\/\/bkmkg.com\/wp-content\/uploads\/2019\/03\/adil-ansari-48867-unsplash-1-768x464.jpg 768w, https:\/\/bkmkg.com\/wp-content\/uploads\/2019\/03\/adil-ansari-48867-unsplash-1-1024x619.jpg 1024w\" sizes=\"(max-width: 1920px) 100vw, 1920px\" \/>\n\t\t\t\t\t\t    \t<\/div>\n\t\t\t\t\t\t    <\/div>\n\t\t\t\t\t\t    <div class=\"container\">\n\t\t\t\t\t\t        <div class=\"col-lg-6 col-lg-offset-1 pl-l-80 vertical-alignment right\"><h5 class=\"widgettitle mb16\">CONTENT CREATION<\/h5><div class=\"mt24\">Content creation involves writing and visually designing the visual elements that will be distributed on your platforms. It follows the guidelines identified in the strategy. To create visuals, we will often work with a designer and\/or a photographer.<\/div><\/div>\n\t\t\t\t\t\t    <\/div>\n\t\t\t\t\t\t<\/section><section class=\"image-half p0\">\n\t\t\t\t\t\t    <div class=\"col-lg-6 p0 col-lg-push-6\">\n\t\t\t\t\t\t    \t<div class=\"intro-image\"><img width=\"2500\" height=\"1714\" src=\"https:\/\/bkmkg.com\/wp-content\/uploads\/2019\/03\/aerial-blog-blogger-990819.jpg\" class=\"mb-xs-24\" alt=\"\" loading=\"lazy\" srcset=\"https:\/\/bkmkg.com\/wp-content\/uploads\/2019\/03\/aerial-blog-blogger-990819.jpg 2500w, https:\/\/bkmkg.com\/wp-content\/uploads\/2019\/03\/aerial-blog-blogger-990819-300x206.jpg 300w, https:\/\/bkmkg.com\/wp-content\/uploads\/2019\/03\/aerial-blog-blogger-990819-768x527.jpg 768w, https:\/\/bkmkg.com\/wp-content\/uploads\/2019\/03\/aerial-blog-blogger-990819-1024x702.jpg 1024w\" sizes=\"(max-width: 2500px) 100vw, 2500px\" \/>\n\t\t\t\t\t\t    \t<\/div>\n\t\t\t\t\t\t    <\/div>\n\t\t\t\t\t\t    <div class=\"container\">\n\t\t\t\t\t\t        <div class=\"col-lg-6 col-lg-pull-0 pr-l-80 vertical-alignment\"><h5 class=\"widgettitle mb16\">NEWSLETTERS AND AUTOMATION<\/h5><div class=\"mt24\">Cr\u00e9ation d&rsquo;infolettres et d&rsquo;articles de blogue pour mettre de l&rsquo;avant des nouveaut\u00e9s ou des promotions. Cr\u00e9ation de courriels automatis\u00e9s pour am\u00e9liorer les performances de ventes en ligne.<\/div><\/div>\n\t\t\t\t\t\t    <\/div>\n\t\t\t\t\t\t<\/section><section class=\"image-half p0\">\n\t\t\t\t\t\t    <div class=\"col-lg-6 p0\">\n\t\t\t\t\t\t    \t<div class=\"intro-image\"><img width=\"1920\" height=\"1160\" src=\"https:\/\/bkmkg.com\/wp-content\/uploads\/2019\/03\/carlos-muza-84523-unsplash.jpg\" class=\"mb-xs-24\" alt=\"\" loading=\"lazy\" srcset=\"https:\/\/bkmkg.com\/wp-content\/uploads\/2019\/03\/carlos-muza-84523-unsplash.jpg 1920w, https:\/\/bkmkg.com\/wp-content\/uploads\/2019\/03\/carlos-muza-84523-unsplash-300x181.jpg 300w, https:\/\/bkmkg.com\/wp-content\/uploads\/2019\/03\/carlos-muza-84523-unsplash-768x464.jpg 768w, https:\/\/bkmkg.com\/wp-content\/uploads\/2019\/03\/carlos-muza-84523-unsplash-1024x619.jpg 1024w\" sizes=\"(max-width: 1920px) 100vw, 1920px\" \/>\n\t\t\t\t\t\t    \t<\/div>\n\t\t\t\t\t\t    <\/div>\n\t\t\t\t\t\t    <div class=\"container\">\n\t\t\t\t\t\t        <div class=\"col-lg-6 col-lg-offset-1 pl-l-80 vertical-alignment right\"><h5 class=\"widgettitle mb16\">MEDIA PLANNING<\/h5><div class=\"mt24\">Media strategy is the creation and optimization of online advertising campaigns. Ads can be found on social media, on the web or in search engines (Facebook Business Manager, Google Adwords, Bing Ads and more)<\/div><\/div>\n\t\t\t\t\t\t    <\/div>\n\t\t\t\t\t\t<\/section><section class=\"image-half p0\">\n\t\t\t\t\t\t    <div class=\"col-lg-6 p0 col-lg-push-6\">\n\t\t\t\t\t\t    \t<div class=\"intro-image\"><img width=\"1920\" height=\"1157\" src=\"https:\/\/bkmkg.com\/wp-content\/uploads\/2019\/03\/goran-ivos-307271-unsplash.jpg\" class=\"mb-xs-24\" alt=\"\" loading=\"lazy\" srcset=\"https:\/\/bkmkg.com\/wp-content\/uploads\/2019\/03\/goran-ivos-307271-unsplash.jpg 1920w, https:\/\/bkmkg.com\/wp-content\/uploads\/2019\/03\/goran-ivos-307271-unsplash-300x181.jpg 300w, https:\/\/bkmkg.com\/wp-content\/uploads\/2019\/03\/goran-ivos-307271-unsplash-768x463.jpg 768w, https:\/\/bkmkg.com\/wp-content\/uploads\/2019\/03\/goran-ivos-307271-unsplash-1024x617.jpg 1024w\" sizes=\"(max-width: 1920px) 100vw, 1920px\" \/>\n\t\t\t\t\t\t    \t<\/div>\n\t\t\t\t\t\t    <\/div>\n\t\t\t\t\t\t    <div class=\"container\">\n\t\t\t\t\t\t        <div class=\"col-lg-6 col-lg-pull-0 pr-l-80 vertical-alignment\"><h5 class=\"widgettitle mb16\">WEBSITE<\/h5><div class=\"mt24\">Mise \u00e0 jour de site web ou cr\u00e9ation de site web: les deux sont possibles! La mise \u00e0 jour permet de rafa\u00eechir les contenus et d&rsquo;optimiser le parcours utilisateur.<\/div><\/div>\n\t\t\t\t\t\t    <\/div>\n\t\t\t\t\t\t<\/section><section class=\"image-half p0\">\n\t\t\t\t\t\t    <div class=\"col-lg-6 p0\">\n\t\t\t\t\t\t    \t<div class=\"intro-image\"><img width=\"1920\" height=\"1160\" src=\"https:\/\/bkmkg.com\/wp-content\/uploads\/2019\/03\/ilya-pavlov-87472-unsplash.jpg\" class=\"mb-xs-24\" alt=\"\" loading=\"lazy\" srcset=\"https:\/\/bkmkg.com\/wp-content\/uploads\/2019\/03\/ilya-pavlov-87472-unsplash.jpg 1920w, https:\/\/bkmkg.com\/wp-content\/uploads\/2019\/03\/ilya-pavlov-87472-unsplash-300x181.jpg 300w, https:\/\/bkmkg.com\/wp-content\/uploads\/2019\/03\/ilya-pavlov-87472-unsplash-768x464.jpg 768w, https:\/\/bkmkg.com\/wp-content\/uploads\/2019\/03\/ilya-pavlov-87472-unsplash-1024x619.jpg 1024w\" sizes=\"(max-width: 1920px) 100vw, 1920px\" \/>\n\t\t\t\t\t\t    \t<\/div>\n\t\t\t\t\t\t    <\/div>\n\t\t\t\t\t\t    <div class=\"container\">\n\t\t\t\t\t\t        <div class=\"col-lg-6 col-lg-offset-1 pl-l-80 vertical-alignment right\"><h5 class=\"widgettitle mb16\">SOCIAL MEDIA MANAGEMENT<\/h5><div class=\"mt24\">Social media management is about creating editorial calendars, managing company pages and managing interactions. It can also include community management.<\/div><\/div>\n\t\t\t\t\t\t    <\/div>\n\t\t\t\t\t\t<\/section><\/div><\/div><\/div><\/div><\/div><\/div><section class=\"vc_row wpb_row vc_row-fluid text-center bg-dark pt180 pb180 pt-xs-80 pb-xs-80 not-equal not-color vc_custom_1547842505872 vc_row-has-fill image-bg z-index overlay parallax\"><div class=\"background-content\"><img alt=\"background\" class=\"background-image\" src=\"https:\/\/bkmkg.com\/wp-content\/uploads\/2018\/11\/ilya-pavlov-87472-unsplash-e1542924495637.jpg?id=5286\" \/><div  class=\"background-overlay\"><\/div><\/div><div class=\"container\"><div class=\"row\"><div class=\"wpb_column vc_column_container vc_col-sm-12\"><div class=\"vc_column-inner\"><div class=\"wpb_wrapper\"><div class=\"headings-title\"><div class=\"mb16 mb16 mb-xs-40 text-center\"><h5 style=\"text-transform: none!important;\" class=\"widgettitle mb10\">You want to get tangible results online?<\/h5><div style=\"text-transform: none!important;\" class=\"widgetsubtitle\">Contact us for a preliminary analysis of your web and social media presence<\/div><\/div><\/div><div class=\"\"><a  id=\"btn-6a045b3b0eaed\" class=\"btn btn-rounded btn-lg   btn-sm-sm\" href= \"https:\/\/bkmkg.com\/en\/contactez-nous\/\" target=\"_self\" >Contact us<\/a><\/div><\/div><\/div><\/div><\/div><\/div><\/section>","protected":false},"excerpt":{"rendered":"Nos services sont adapt\u00e9s \u00e0 votre r\u00e9alit\u00e9. VEILLE ET ANALYSELa veille permet de dresser le portait...","protected":false},"author":1,"featured_media":0,"parent":0,"menu_order":0,"comment_status":"closed","ping_status":"closed","template":"","meta":[],"_links":{"self":[{"href":"https:\/\/bkmkg.com\/en\/wp-json\/wp\/v2\/pages\/1961"}],"collection":[{"href":"https:\/\/bkmkg.com\/en\/wp-json\/wp\/v2\/pages"}],"about":[{"href":"https:\/\/bkmkg.com\/en\/wp-json\/wp\/v2\/types\/page"}],"author":[{"embeddable":true,"href":"https:\/\/bkmkg.com\/en\/wp-json\/wp\/v2\/users\/1"}],"replies":[{"embeddable":true,"href":"https:\/\/bkmkg.com\/en\/wp-json\/wp\/v2\/comments?post=1961"}],"version-history":[{"count":56,"href":"https:\/\/bkmkg.com\/en\/wp-json\/wp\/v2\/pages\/1961\/revisions"}],"predecessor-version":[{"id":5593,"href":"https:\/\/bkmkg.com\/en\/wp-json\/wp\/v2\/pages\/1961\/revisions\/5593"}],"wp:attachment":[{"href":"https:\/\/bkmkg.com\/en\/wp-json\/wp\/v2\/media?parent=1961"}],"curies":[{"name":"wp","href":"https:\/\/api.w.org\/{rel}","templated":true}]}}