{"id":1953,"date":"2016-02-22T15:53:59","date_gmt":"2016-02-22T15:53:59","guid":{"rendered":"http:\/\/demo.themelogi.com\/wanium\/?page_id=1953"},"modified":"2021-08-05T00:26:35","modified_gmt":"2021-08-05T00:26:35","slug":"a-propos","status":"publish","type":"page","link":"https:\/\/bkmkg.com\/en\/a-propos\/","title":{"rendered":"About"},"content":{"rendered":"<div class=\"vc_row wpb_row vc_row-fluid bg-light not-equal not-color\"><div class=\"\"><div class=\"row\"><div class=\"wpb_column vc_column_container vc_col-sm-12\"><div class=\"vc_column-inner\"><div class=\"wpb_wrapper\"><section  id=\"single-6a045ca288994\" \n\t\t\t\t\t\tclass=\"header-single vertical-flex m0 image-bg parallax pt240 pb240 pt-xs-80 pb-xs-80\" \n\t\t\t\t\t\tstyle=\"\"><div class=\"background-content\"><img width=\"5760\" height=\"3840\" src=\"https:\/\/bkmkg.com\/wp-content\/uploads\/2019\/02\/MODERN-NEUTRAL-23-of-26.jpg\" class=\"background-image\" alt=\"\" loading=\"lazy\" srcset=\"https:\/\/bkmkg.com\/wp-content\/uploads\/2019\/02\/MODERN-NEUTRAL-23-of-26.jpg 5760w, https:\/\/bkmkg.com\/wp-content\/uploads\/2019\/02\/MODERN-NEUTRAL-23-of-26-300x200.jpg 300w, https:\/\/bkmkg.com\/wp-content\/uploads\/2019\/02\/MODERN-NEUTRAL-23-of-26-768x512.jpg 768w, https:\/\/bkmkg.com\/wp-content\/uploads\/2019\/02\/MODERN-NEUTRAL-23-of-26-1024x683.jpg 1024w\" sizes=\"(max-width: 5760px) 100vw, 5760px\" \/><div  class=\"background-overlay\"><\/div><\/div><div  class=\"container vertical-flex-column item-content\">\n\t\t\t            \t<div class=\"row\"><div class=\"standard-slide p0 col-lg-12 col-lg-offset-0 col-md-10 col-md-offset-1 col-sm-12 text-center\"><h1  class=\"heading-title-bold\">Content to give your brand a voice<\/h1><div  class=\"heading-content\"><\/div>\n                <\/div><\/div>\n\t\t\t            <\/div><\/section><\/div><\/div><\/div><\/div><\/div><\/div><section class=\"vc_row wpb_row vc_row-fluid text-center bg-light not-equal not-color vc_custom_1473058992494\"><div class=\"container\"><div class=\"row\"><div class=\"wpb_column vc_column_container vc_col-sm-2\"><div class=\"vc_column-inner\"><div class=\"wpb_wrapper\"><\/div><\/div><\/div><div class=\"wpb_column vc_column_container vc_col-sm-8\"><div class=\"vc_column-inner\"><div class=\"wpb_wrapper\"><div id=\"iconbox-6a045ca289425\" class=\"\" style=\"\"><div class=\"icon-link\"><div class=\"relative mb0\">\n\t\t\t\t\t\t\t<i style=\"color:#ffffff!important;background-color:#0c0806;border-color:#0c0806;\" class=\"ti-eye circle-icon  inline-block mb32 l-text fade-color icon-lg\"><\/i>\n\t\t\t\t\t\t\t<h5 style=\"text-transform: none!important;\" class=\"widgettitle mb8\">Our Vision<\/h5>\n\t\t\t\t\t\t\t<div style=\"text-transform: none!important;\" class=\"widgetsubtitle mb16\"><\/div>\n\t\t\t\t\t\t\t<div  class=\"icon-content\"><\/p>\n<p class=\"p1\"><span class=\"s1\">We believe that every piece of content published on the web should be held together by a common thread. Like a breadcrumb trail, we believe that content published on social media, website texts, web ads and newsletters must all convey a coherent message. <\/span><\/p>\n<p class=\"p1\"><span class=\"s1\">It' s our conviction that effective SEO keyword research can greatly benefit social media and that branding should be applied to all web advertising. If many have said that content is king, we want to make sure that it shines on every platform. <\/span><\/p>\n<p>\n<\/div> \n\t\t\t\t\t\t<\/div><\/div><\/div><div class=\"vc_row wpb_row vc_inner vc_row-fluid text-left vc_custom_1473072601223\"><div class=\"wpb_column vc_column_container vc_col-sm-6\"><div class=\"vc_column-inner\"><div class=\"wpb_wrapper\">\n\t<div class=\"wpb_text_column wpb_content_element\" >\n\t\t<div class=\"wpb_wrapper\">\n\t\t\t<p><strong>Honesty<\/strong><\/p>\n<p>We develop a transparent relationship with our clients and partners.\u00a0You can count on us to provide you with recommendations tailored to your needs and your market.<\/p>\n\n\t\t<\/div>\n\t<\/div>\n\n\t<div class=\"wpb_text_column wpb_content_element\" >\n\t\t<div class=\"wpb_wrapper\">\n\t\t\t<p class=\"p1\"><span class=\"s1\"><b>Mastery of technologies<\/b><\/span><\/p>\n<p class=\"p1\"><span class=\"s1\">We are constantly on the lookout for new technologies so that our clients can benefit from them.<\/span><\/p>\n\n\t\t<\/div>\n\t<\/div>\n<\/div><\/div><\/div><div class=\"wpb_column vc_column_container vc_col-sm-6\"><div class=\"vc_column-inner\"><div class=\"wpb_wrapper\">\n\t<div class=\"wpb_text_column wpb_content_element\" >\n\t\t<div class=\"wpb_wrapper\">\n\t\t\t<p><strong>Availability<\/strong><\/p>\n<p>We stay very close to the reality of our clients in order to be able to talk about their needs with confidence. We are always available for a first meeting!<br \/>\nOn va boire un caf\u00e9?<\/p>\n\n\t\t<\/div>\n\t<\/div>\n\n\t<div class=\"wpb_text_column wpb_content_element\" >\n\t\t<div class=\"wpb_wrapper\">\n\t\t\t<p class=\"p2\"><span class=\"s1\"><b>Innovation<\/b><\/span><\/p>\n<p class=\"p2\"><span class=\"s1\">Our content strategies are innovative, as is our vision for your brand.<\/span><\/p>\n\n\t\t<\/div>\n\t<\/div>\n<\/div><\/div><\/div><\/div><div class=\"image-captions\"><div class=\"image-caption hover-caption\"><div class=\"caption\"><h5  class=\"widgettitle mb0\"><\/h5><div  class=\"widgetsubtitle\"><\/div><\/div><\/div><\/div><div id=\"tab-6a045ca28b5d9\" class=\"tabs-content tabs-style-1\"><ul class=\"tabs\"><\/ul><\/div><div class=\"headings-title\"><div class=\"mb72 mb16 mb-xs-40 text-center\"><h5  class=\"widgettitle mb10\">Miriam Benkirane<\/h5><div  class=\"widgetsubtitle\">Founder and Digital Strategist<\/div><\/div><\/div><section class=\"image-half p0\">\n\t\t\t\t\t\t    <div class=\"col-lg-6 p0 col-lg-push-6\">\n\t\t\t\t\t\t    \t<div class=\"intro-image\"><img width=\"2130\" height=\"2560\" src=\"https:\/\/bkmkg.com\/wp-content\/uploads\/2021\/08\/IMG_4905-scaled.jpg\" class=\"mb-xs-24\" alt=\"\" loading=\"lazy\" srcset=\"https:\/\/bkmkg.com\/wp-content\/uploads\/2021\/08\/IMG_4905-scaled.jpg 2130w, https:\/\/bkmkg.com\/wp-content\/uploads\/2021\/08\/IMG_4905-250x300.jpg 250w, https:\/\/bkmkg.com\/wp-content\/uploads\/2021\/08\/IMG_4905-852x1024.jpg 852w, https:\/\/bkmkg.com\/wp-content\/uploads\/2021\/08\/IMG_4905-768x923.jpg 768w, https:\/\/bkmkg.com\/wp-content\/uploads\/2021\/08\/IMG_4905-1278x1536.jpg 1278w, https:\/\/bkmkg.com\/wp-content\/uploads\/2021\/08\/IMG_4905-1704x2048.jpg 1704w\" sizes=\"(max-width: 2130px) 100vw, 2130px\" \/>\n\t\t\t\t\t\t    \t<\/div>\n\t\t\t\t\t\t    <\/div>\n\t\t\t\t\t\t    <div class=\"container\">\n\t\t\t\t\t\t        <div class=\"col-lg-6 col-lg-pull-0 pr-l-80 vertical-alignment\"><div class=\"mt24\">An experienced web consultant, Miriam has over 7 years of experience in the advertising agency and marketing industry. She has demonstrated skills in digital strategy, content strategy, search engine optimization (SEO), copywriting, communication and social media management. Miriam has a strategic vision that will help your business take important steps to grow online.<\/div><\/div>\n\t\t\t\t\t\t    <\/div>\n\t\t\t\t\t\t<\/section><div class=\"tlg-spacer\" data-height=\"100\" data-height-tablet=\"30\" data-height-mobile=\"30\" style=\"clear:both;display:block;height:100px;\"><\/div><div class=\"headings-title\"><div class=\"mb72 mb16 mb-xs-40 text-center\"><h5  class=\"widgettitle mb10\">Dominique Gibeault<\/h5><div  class=\"widgetsubtitle\">Community Manager<\/div><\/div><\/div><section class=\"image-half p0\">\n\t\t\t\t\t\t    <div class=\"col-lg-6 p0\">\n\t\t\t\t\t\t    \t<div class=\"intro-image\"><img width=\"1043\" height=\"1198\" src=\"https:\/\/bkmkg.com\/wp-content\/uploads\/2021\/08\/DG_2.jpg\" class=\"mb-xs-24\" alt=\"\" loading=\"lazy\" srcset=\"https:\/\/bkmkg.com\/wp-content\/uploads\/2021\/08\/DG_2.jpg 1043w, https:\/\/bkmkg.com\/wp-content\/uploads\/2021\/08\/DG_2-261x300.jpg 261w, https:\/\/bkmkg.com\/wp-content\/uploads\/2021\/08\/DG_2-892x1024.jpg 892w, https:\/\/bkmkg.com\/wp-content\/uploads\/2021\/08\/DG_2-768x882.jpg 768w\" sizes=\"(max-width: 1043px) 100vw, 1043px\" \/>\n\t\t\t\t\t\t    \t<\/div>\n\t\t\t\t\t\t    <\/div>\n\t\t\t\t\t\t    <div class=\"container\">\n\t\t\t\t\t\t        <div class=\"col-lg-6 col-lg-offset-1 pl-l-80 vertical-alignment right\"><div class=\"mt24\"><span class=\"s1\">Dominique has been working in web marketing for 4 years. Having started her career in the e-commerce field, she then turned to community management and social media. She is always on the lookout for the latest trends on the various platforms. <\/span><span class=\"s1\">Dominique a \u00e9galement son blogue personnel depuis 3 ans, The Beige Sociale, o\u00f9 elle cr\u00e9e du contenu et collabore avec des marques.<\/span><\/div><\/div>\n\t\t\t\t\t\t    <\/div>\n\t\t\t\t\t\t<\/section><\/div><\/div><\/div><div class=\"wpb_column vc_column_container vc_col-sm-2\"><div class=\"vc_column-inner\"><div class=\"wpb_wrapper\"><\/div><\/div><\/div><\/div><\/div><\/section><section class=\"vc_row wpb_row vc_row-fluid bg-dark pt64 pb64 not-equal not-color vc_custom_1548879032473 vc_row-has-fill image-bg z-index overlay parallax\"><div class=\"background-content\"><img alt=\"background\" class=\"background-image\" src=\"https:\/\/bkmkg.com\/wp-content\/uploads\/2018\/11\/julian-lozano-549084-unsplash-e1542925606460.jpg?id=5295\" \/><div  class=\"background-overlay\"><\/div><\/div><div class=\"container\"><div class=\"row\"><div class=\"wpb_column vc_column_container vc_col-sm-12\"><div class=\"vc_column-inner\"><div class=\"wpb_wrapper\"><div class=\"display-table\"><div class=\"display-cell display-none-sm\"><i  class=\"fade-color ms-text mr-24 ti-package icon\"><\/i><\/div>\n\t\t\t\t\t<div class=\"display-cell text-center-sm\">\n\t\t\t\t\t\t<div  class=\"maintitle ms-text\">Let's start a project together<\/div>\n\t\t\t\t\t\t<div  class=\"subtitle\"><\/div>\n\t\t\t\t\t<\/div>\n\t\t\t\t\t<div class=\"display-cell text-center-sm text-right\"><a  id=\"btn-6a045ca28c490\" class=\"btn  btn-lg btn-sm-sm text-center mr-0 mb0 mt-xs-24\" href= \"#\" target=\"_self\" >Contact us<\/a><\/div>\n\t\t\t\t<\/div><\/div><\/div><\/div><\/div><\/div><\/section><section class=\"vc_row wpb_row vc_row-fluid bg-light not-equal not-color\"><div class=\"container\"><div class=\"row\"><div class=\"wpb_column vc_column_container vc_col-sm-12\"><div class=\"vc_column-inner\"><div class=\"wpb_wrapper\"><div class=\"headings-title\"><div class=\"mb72 mb16 mb-xs-40 text-center\"><h5  class=\"widgettitle mb10\">Clients<\/h5><div  class=\"widgetsubtitle\">They chose to trust us<\/div><\/div><\/div><div class=\"wpb_animate_when_almost_visible wpb_none none logo-standard row\"><div class=\"col-sm-3 text-center\">\n\t<div class=\"inline-block\" data-toggle=\"tooltip\" data-placement=\"top\" title=\"Caf\u00e9 Saint-Henri\" data-original-title=\"Caf\u00e9 Saint-Henri\">\n\t\t<a href=\"http:\/\/sainthenri.ca\"><img width=\"900\" height=\"900\" src=\"https:\/\/bkmkg.com\/wp-content\/uploads\/2015\/12\/Logo-Bouclier-SH.jpeg\" class=\"image-s mb-xs-8 fade-35 wp-post-image\" alt=\"Saint-Henri logo\" loading=\"lazy\" srcset=\"https:\/\/bkmkg.com\/wp-content\/uploads\/2015\/12\/Logo-Bouclier-SH.jpeg 900w, https:\/\/bkmkg.com\/wp-content\/uploads\/2015\/12\/Logo-Bouclier-SH-150x150.jpeg 150w, https:\/\/bkmkg.com\/wp-content\/uploads\/2015\/12\/Logo-Bouclier-SH-300x300.jpeg 300w, https:\/\/bkmkg.com\/wp-content\/uploads\/2015\/12\/Logo-Bouclier-SH-768x768.jpeg 768w, https:\/\/bkmkg.com\/wp-content\/uploads\/2015\/12\/Logo-Bouclier-SH-60x60.jpeg 60w\" sizes=\"(max-width: 900px) 100vw, 900px\" \/><\/a>\t<\/div>\n<\/div><div class=\"col-sm-3 text-center\">\n\t<div class=\"inline-block\" data-toggle=\"tooltip\" data-placement=\"top\" title=\"Sept24\" data-original-title=\"Sept24\">\n\t\t<a href=\"https:\/\/sept24.com\"><img width=\"283\" height=\"297\" src=\"https:\/\/bkmkg.com\/wp-content\/uploads\/2021\/02\/sept24.png\" class=\"image-s mb-xs-8 fade-35 wp-post-image\" alt=\"\" loading=\"lazy\" \/><\/a>\t<\/div>\n<\/div><div class=\"col-sm-3 text-center\">\n\t<div class=\"inline-block\" data-toggle=\"tooltip\" data-placement=\"top\" title=\"Primerose\" data-original-title=\"Primerose\">\n\t\t<a href=\"https:\/\/primerose.co\"><img width=\"623\" height=\"223\" src=\"https:\/\/bkmkg.com\/wp-content\/uploads\/2021\/02\/Logo_Primerose_01-01-e1614196196331.png\" class=\"image-s mb-xs-8 fade-35 wp-post-image\" alt=\"\" loading=\"lazy\" srcset=\"https:\/\/bkmkg.com\/wp-content\/uploads\/2021\/02\/Logo_Primerose_01-01-e1614196196331.png 623w, https:\/\/bkmkg.com\/wp-content\/uploads\/2021\/02\/Logo_Primerose_01-01-e1614196196331-300x107.png 300w\" sizes=\"(max-width: 623px) 100vw, 623px\" \/><\/a>\t<\/div>\n<\/div><div class=\"col-sm-3 text-center\">\n\t<div class=\"inline-block\" data-toggle=\"tooltip\" data-placement=\"top\" title=\"DFA CPA\" data-original-title=\"DFA CPA\">\n\t\t<a href=\"https:\/\/www.dfa-cpa.com\"><img width=\"1191\" height=\"880\" src=\"https:\/\/bkmkg.com\/wp-content\/uploads\/2021\/02\/DFA-1.png\" class=\"image-s mb-xs-8 fade-35 wp-post-image\" alt=\"\" loading=\"lazy\" srcset=\"https:\/\/bkmkg.com\/wp-content\/uploads\/2021\/02\/DFA-1.png 1191w, https:\/\/bkmkg.com\/wp-content\/uploads\/2021\/02\/DFA-1-300x222.png 300w, https:\/\/bkmkg.com\/wp-content\/uploads\/2021\/02\/DFA-1-1024x757.png 1024w, https:\/\/bkmkg.com\/wp-content\/uploads\/2021\/02\/DFA-1-768x567.png 768w\" sizes=\"(max-width: 1191px) 100vw, 1191px\" \/><\/a>\t<\/div>\n<\/div><\/div><div class=\"logo-standard row\"><div class=\"col-sm-3 text-center\">\n\t<div class=\"inline-block\" data-toggle=\"tooltip\" data-placement=\"top\" title=\"Pr\u00e9vel\" data-original-title=\"Pr\u00e9vel\">\n\t\t<a href=\"https:\/\/www.prevel.ca\/fr\"><img width=\"592\" height=\"240\" src=\"https:\/\/bkmkg.com\/wp-content\/uploads\/2021\/02\/Pre\u0301vel-Logo-FR.jpg\" class=\"image-s mb-xs-8 fade-35 wp-post-image\" alt=\"\" loading=\"lazy\" srcset=\"https:\/\/bkmkg.com\/wp-content\/uploads\/2021\/02\/Pre\u0301vel-Logo-FR.jpg 592w, https:\/\/bkmkg.com\/wp-content\/uploads\/2021\/02\/Pre\u0301vel-Logo-FR-300x122.jpg 300w\" sizes=\"(max-width: 592px) 100vw, 592px\" \/><\/a>\t<\/div>\n<\/div><div class=\"col-sm-3 text-center\">\n\t<div class=\"inline-block\" data-toggle=\"tooltip\" data-placement=\"top\" title=\"La compagnie Robinson\" data-original-title=\"La compagnie Robinson\">\n\t\t<a href=\"https:\/\/www.lacompagnierobinson.com\/\"><img width=\"305\" height=\"165\" src=\"https:\/\/bkmkg.com\/wp-content\/uploads\/2019\/04\/compagnie-robinson.png\" class=\"image-s mb-xs-8 fade-35 wp-post-image\" alt=\"\" loading=\"lazy\" srcset=\"https:\/\/bkmkg.com\/wp-content\/uploads\/2019\/04\/compagnie-robinson.png 305w, https:\/\/bkmkg.com\/wp-content\/uploads\/2019\/04\/compagnie-robinson-300x162.png 300w\" sizes=\"(max-width: 305px) 100vw, 305px\" \/><\/a>\t<\/div>\n<\/div><div class=\"col-sm-3 text-center\">\n\t<div class=\"inline-block\" data-toggle=\"tooltip\" data-placement=\"top\" title=\"Steph Delisle Design\" data-original-title=\"Steph Delisle Design\">\n\t\t<img width=\"1707\" height=\"875\" src=\"https:\/\/bkmkg.com\/wp-content\/uploads\/2019\/04\/logo_StephDelisleDesign.jpg\" class=\"image-s mb-xs-8 fade-35 wp-post-image\" alt=\"\" loading=\"lazy\" srcset=\"https:\/\/bkmkg.com\/wp-content\/uploads\/2019\/04\/logo_StephDelisleDesign.jpg 1707w, https:\/\/bkmkg.com\/wp-content\/uploads\/2019\/04\/logo_StephDelisleDesign-300x154.jpg 300w, https:\/\/bkmkg.com\/wp-content\/uploads\/2019\/04\/logo_StephDelisleDesign-768x394.jpg 768w, https:\/\/bkmkg.com\/wp-content\/uploads\/2019\/04\/logo_StephDelisleDesign-1024x525.jpg 1024w\" sizes=\"(max-width: 1707px) 100vw, 1707px\" \/>\t<\/div>\n<\/div><div class=\"col-sm-3 text-center\">\n\t<div class=\"inline-block\" data-toggle=\"tooltip\" data-placement=\"top\" title=\"Secur24\" data-original-title=\"Secur24\">\n\t\t<a href=\"http:\/\/secur24.ca\/\"><img width=\"128\" height=\"100\" src=\"https:\/\/bkmkg.com\/wp-content\/uploads\/2019\/03\/logo-secur24.jpg\" class=\"image-s mb-xs-8 fade-35 wp-post-image\" alt=\"\" loading=\"lazy\" \/><\/a>\t<\/div>\n<\/div><\/div><div class=\"logo-standard row\"><div class=\"col-sm-3 text-center\">\n\t<div class=\"inline-block\" data-toggle=\"tooltip\" data-placement=\"top\" title=\"Agence SGM\" data-original-title=\"Agence SGM\">\n\t\t<a href=\"https:\/\/sgmagence.com\"><img width=\"141\" height=\"50\" src=\"https:\/\/bkmkg.com\/wp-content\/uploads\/2015\/12\/sgm-logo.png\" class=\"image-s mb-xs-8 fade-35 wp-post-image\" alt=\"\" loading=\"lazy\" \/><\/a>\t<\/div>\n<\/div><div class=\"col-sm-3 text-center\">\n\t<div class=\"inline-block\" data-toggle=\"tooltip\" data-placement=\"top\" title=\"Ch\u00e2teau Vaudreuil\" data-original-title=\"Ch\u00e2teau Vaudreuil\">\n\t\t<a href=\"https:\/\/www.chateau-vaudreuil.com\"><img width=\"900\" height=\"600\" src=\"https:\/\/bkmkg.com\/wp-content\/uploads\/2015\/12\/Chateau-Vaudreuil-NewLogo-01.jpg\" class=\"image-s mb-xs-8 fade-35 wp-post-image\" alt=\"\" loading=\"lazy\" srcset=\"https:\/\/bkmkg.com\/wp-content\/uploads\/2015\/12\/Chateau-Vaudreuil-NewLogo-01.jpg 900w, https:\/\/bkmkg.com\/wp-content\/uploads\/2015\/12\/Chateau-Vaudreuil-NewLogo-01-300x200.jpg 300w, https:\/\/bkmkg.com\/wp-content\/uploads\/2015\/12\/Chateau-Vaudreuil-NewLogo-01-768x512.jpg 768w\" sizes=\"(max-width: 900px) 100vw, 900px\" \/><\/a>\t<\/div>\n<\/div><\/div><\/div><\/div><\/div><\/div><\/div><\/section>","protected":false},"excerpt":{"rendered":"","protected":false},"author":1,"featured_media":0,"parent":0,"menu_order":0,"comment_status":"closed","ping_status":"closed","template":"","meta":[],"_links":{"self":[{"href":"https:\/\/bkmkg.com\/en\/wp-json\/wp\/v2\/pages\/1953"}],"collection":[{"href":"https:\/\/bkmkg.com\/en\/wp-json\/wp\/v2\/pages"}],"about":[{"href":"https:\/\/bkmkg.com\/en\/wp-json\/wp\/v2\/types\/page"}],"author":[{"embeddable":true,"href":"https:\/\/bkmkg.com\/en\/wp-json\/wp\/v2\/users\/1"}],"replies":[{"embeddable":true,"href":"https:\/\/bkmkg.com\/en\/wp-json\/wp\/v2\/comments?post=1953"}],"version-history":[{"count":41,"href":"https:\/\/bkmkg.com\/en\/wp-json\/wp\/v2\/pages\/1953\/revisions"}],"predecessor-version":[{"id":5635,"href":"https:\/\/bkmkg.com\/en\/wp-json\/wp\/v2\/pages\/1953\/revisions\/5635"}],"wp:attachment":[{"href":"https:\/\/bkmkg.com\/en\/wp-json\/wp\/v2\/media?parent=1953"}],"curies":[{"name":"wp","href":"https:\/\/api.w.org\/{rel}","templated":true}]}}